{"id":73,"date":"2014-08-28T18:01:37","date_gmt":"2014-08-28T17:01:37","guid":{"rendered":"http:\/\/www.apordoc.org\/?page_id=73"},"modified":"2024-10-02T16:40:18","modified_gmt":"2024-10-02T16:40:18","slug":"videoteca","status":"publish","type":"page","link":"https:\/\/www.apordoc.org\/?page_id=73","title":{"rendered":"Videoteca"},"content":{"rendered":"<p>A videoteca re\u00fane cerca de 7.000 t\u00edtulos, de entre os 15.000 que comp\u00f5em o acervo da Apordoc. Recolhidos ao longo da actividade da Associa\u00e7\u00e3o, estes filmes podem ser visionados no nosso espa\u00e7o da Rua da Rosa, mediante marca\u00e7\u00e3o para o endere\u00e7o <a href=\"mailto:geral@apordoc.org\">geral@apordoc.org<\/a>.<\/p>\n<p>\u00a0<\/p>\n\n\n<p><\/p>\n","protected":false},"excerpt":{"rendered":"<p>A videoteca re\u00fane cerca de 7.000 t\u00edtulos, de entre os 15.000 que comp\u00f5em o acervo da Apordoc. Recolhidos ao longo da actividade da Associa\u00e7\u00e3o, estes filmes podem ser visionados no nosso espa\u00e7o da Rua da Rosa, mediante marca\u00e7\u00e3o para o&#8230;<\/p>\n","protected":false},"author":2,"featured_media":0,"parent":0,"menu_order":0,"comment_status":"closed","ping_status":"closed","template":"","meta":{"_exactmetrics_skip_tracking":false,"_exactmetrics_sitenote_active":false,"_exactmetrics_sitenote_note":"","_exactmetrics_sitenote_category":0,"footnotes":""},"class_list":["post-73","page","type-page","status-publish","hentry"],"_links":{"self":[{"href":"https:\/\/www.apordoc.org\/index.php?rest_route=\/wp\/v2\/pages\/73","targetHints":{"allow":["GET"]}}],"collection":[{"href":"https:\/\/www.apordoc.org\/index.php?rest_route=\/wp\/v2\/pages"}],"about":[{"href":"https:\/\/www.apordoc.org\/index.php?rest_route=\/wp\/v2\/types\/page"}],"author":[{"embeddable":true,"href":"https:\/\/www.apordoc.org\/index.php?rest_route=\/wp\/v2\/users\/2"}],"replies":[{"embeddable":true,"href":"https:\/\/www.apordoc.org\/index.php?rest_route=%2Fwp%2Fv2%2Fcomments&post=73"}],"version-history":[{"count":3,"href":"https:\/\/www.apordoc.org\/index.php?rest_route=\/wp\/v2\/pages\/73\/revisions"}],"predecessor-version":[{"id":1216,"href":"https:\/\/www.apordoc.org\/index.php?rest_route=\/wp\/v2\/pages\/73\/revisions\/1216"}],"wp:attachment":[{"href":"https:\/\/www.apordoc.org\/index.php?rest_route=%2Fwp%2Fv2%2Fmedia&parent=73"}],"curies":[{"name":"wp","href":"https:\/\/api.w.org\/{rel}","templated":true}]}}