{"id":48,"date":"2014-08-28T15:48:16","date_gmt":"2014-08-28T14:48:16","guid":{"rendered":"http:\/\/www.apordoc.org\/?page_id=48"},"modified":"2024-10-02T16:41:02","modified_gmt":"2024-10-02T16:41:02","slug":"actividades","status":"publish","type":"page","link":"https:\/\/www.apordoc.org\/?page_id=48","title":{"rendered":"Actividades"},"content":{"rendered":"<h5>Doclisboa &#8211; Festival Internacional de Cinema<\/h5>\n<p>Neste momento o Doclisboa constitui n\u00e3o s\u00f3 um festival de indiscut\u00edvel qualidade art\u00edstica e cultural, como uma marca de incontorn\u00e1vel visibilidade, associada a um g\u00e9nero de crescente import\u00e2ncia, o cinema documental.<\/p>\n<p><span style=\"text-decoration: underline;\"><a href=\"http:\/\/www.doclisboa.org\">www.doclisboa.org<\/a><\/span><\/p>\n<hr \/>\n<h5>Lisbon Docs \u2013 F\u00f3rum Internacional de Financiamento e Co-Produ\u00e7\u00e3o de Document\u00e1rios<\/h5>\n<p>Ao longo de uma semana, um conjunto de projectos seleccionados s\u00e3o desenvolvidos num workshop e apresentados perante um painel de representantes l\u00edderes em produ\u00e7\u00e3o e distribui\u00e7\u00e3o, potenciais plataformas financiadoras e co-produtoras internacionais.<\/p>\n<p><span style=\"text-decoration: underline;\"><a href=\"http:\/\/www.lisbondocs.org\">www.lisbondocs.org<\/a><\/span><\/p>\n<hr \/>\n<h5>Doc&#8217;s Kingdom &#8211; Semin\u00e1rio Internacional Sobre Cinema Documental<\/h5>\n<p>Semin\u00e1rio Internacional que junta um grupo seleccionado de participantes, reunindo realizadores de primeiro plano com autores emergentes, cruzando gera\u00e7\u00f5es de cineastas, estudantes, cr\u00edticos e investigadores para um encontro formativo intensivo, com projec\u00e7\u00f5es e debates que aliam a atmosfera informal a um ambiente de reflex\u00e3o, num modelo \u00fanico no mapa internacional dos encontros de cinema.<\/p>\n<p><span style=\"text-decoration: underline;\"><a href=\"http:\/\/www.docskingdom.org\">www.docskingdom.org<\/a><\/span><\/p>\n<hr \/>\n<h5>Arch\u00e9<\/h5>\n<p>Laborat\u00f3rio de actividades profissionais, destinado a realizadores, produtores e outros profissionais de cinema. A decorrer no contexto do Doclisboa, e com o apoio do Programa Ibermedia, pretende colocar \u00e0 disposi\u00e7\u00e3o ferramentas, bem como momentos de reflex\u00e3o e forma\u00e7\u00e3o para a cria\u00e7\u00e3o de novos projectos, garantindo a sua identidade e qualidade.<\/p>\n<p><span style=\"text-decoration: underline;\"><a href=\"http:\/\/www.panorama.org.pt\">arche@apordoc.org<\/a><\/span><\/p>\n<hr \/>\n<h5>Projecto Educativo<\/h5>\n<h5><\/h5>\n<h5>DocEscolas<\/h5>\n<p>O projecto <strong>DocEscolas<\/strong> organiza sess\u00f5es de document\u00e1rio para alunos do ensino b\u00e1sico e secund\u00e1rio, e para um p\u00fablico s\u00e9nior, dentro e fora da escola. A inten\u00e7\u00e3o na forma\u00e7\u00e3o de p\u00fablicos a partir destes encontros \u00e9 trabalhar o pensamento cr\u00edtico e diferentes modos de recep\u00e7\u00e3o dos filmes.<\/p>\n<h5>Docs 4 Kids &#8211; Oficinas de Cinema<\/h5>\n<p>O <strong>Docs4Kids<\/strong> \u00e9 um conjunto de oficinas de document\u00e1rio desenhadas para crian\u00e7as, que trabalham a ideia de imagem em movimento, atrav\u00e9s do visionamento e discuss\u00e3o de filmes documentais, a par com actividades pedag\u00f3gicas.<\/p>\n<p><a href=\"https:\/\/projecto-educativo-apordoc.tumblr.com\/\" target=\"_blank\" rel=\"noopener noreferrer\">https:\/\/projecto-educativo-apordoc.tumblr.com\/<\/a><\/p>\n<hr \/>\n<h5>Videoteca Online<\/h5>\n<p>A videoteca re\u00fane cerca de 7.000 t\u00edtulos, de entre os 15.000 que comp\u00f5em o acervo da Apordoc. Recolhidos ao longo da actividade da Associa\u00e7\u00e3o, estes filmes podem ser visionados no nosso espa\u00e7o da Rua da Rosa, mediante marca\u00e7\u00e3o para o endere\u00e7o <a href=\"mailto:geral@apordoc.org\">geral@apordoc.org<\/a>.<\/p>\n","protected":false},"excerpt":{"rendered":"<p>Doclisboa &#8211; Festival Internacional de Cinema Neste momento o Doclisboa constitui n\u00e3o s\u00f3 um festival de indiscut\u00edvel qualidade art\u00edstica e cultural, como uma marca de incontorn\u00e1vel visibilidade, associada a um g\u00e9nero de crescente import\u00e2ncia, o cinema documental. www.doclisboa.org Lisbon Docs&#8230;<\/p>\n","protected":false},"author":2,"featured_media":0,"parent":0,"menu_order":0,"comment_status":"closed","ping_status":"closed","template":"","meta":{"_exactmetrics_skip_tracking":false,"_exactmetrics_sitenote_active":false,"_exactmetrics_sitenote_note":"","_exactmetrics_sitenote_category":0,"footnotes":""},"class_list":["post-48","page","type-page","status-publish","hentry"],"_links":{"self":[{"href":"https:\/\/www.apordoc.org\/index.php?rest_route=\/wp\/v2\/pages\/48","targetHints":{"allow":["GET"]}}],"collection":[{"href":"https:\/\/www.apordoc.org\/index.php?rest_route=\/wp\/v2\/pages"}],"about":[{"href":"https:\/\/www.apordoc.org\/index.php?rest_route=\/wp\/v2\/types\/page"}],"author":[{"embeddable":true,"href":"https:\/\/www.apordoc.org\/index.php?rest_route=\/wp\/v2\/users\/2"}],"replies":[{"embeddable":true,"href":"https:\/\/www.apordoc.org\/index.php?rest_route=%2Fwp%2Fv2%2Fcomments&post=48"}],"version-history":[{"count":7,"href":"https:\/\/www.apordoc.org\/index.php?rest_route=\/wp\/v2\/pages\/48\/revisions"}],"predecessor-version":[{"id":1217,"href":"https:\/\/www.apordoc.org\/index.php?rest_route=\/wp\/v2\/pages\/48\/revisions\/1217"}],"wp:attachment":[{"href":"https:\/\/www.apordoc.org\/index.php?rest_route=%2Fwp%2Fv2%2Fmedia&parent=48"}],"curies":[{"name":"wp","href":"https:\/\/api.w.org\/{rel}","templated":true}]}}