{"id":330,"date":"2014-07-30T11:56:38","date_gmt":"2014-07-30T11:56:38","guid":{"rendered":"http:\/\/d2522170.www349.host-services.com\/?page_id=2"},"modified":"2019-08-22T10:21:48","modified_gmt":"2019-08-22T10:21:48","slug":"sample-page-2","status":"publish","type":"page","link":"https:\/\/www.apordoc.org\/?page_id=330","title":{"rendered":"Contactos"},"content":{"rendered":"<p><b>Apordoc \u2013 Associa\u00e7\u00e3o pelo Document\u00e1rio<\/b><br \/>\nCasa do Cinema<br \/>\nRua da Rosa, 277, 2\u00ba<br \/>\n1200-385 Lisboa<\/p>\n<p>T\/ + 351 213 470 816 | +351 910 951 160<br \/>\ngeral@apordoc.org<\/p>\n","protected":false},"excerpt":{"rendered":"<p>Apordoc \u2013 Associa\u00e7\u00e3o pelo Document\u00e1rio Casa do Cinema Rua da Rosa, 277, 2\u00ba 1200-385 Lisboa T\/ + 351 213 470 816 | +351 910 951 160 geral@apordoc.org<\/p>\n","protected":false},"author":2,"featured_media":0,"parent":0,"menu_order":0,"comment_status":"closed","ping_status":"closed","template":"","meta":{"_exactmetrics_skip_tracking":false,"_exactmetrics_sitenote_active":false,"_exactmetrics_sitenote_note":"","_exactmetrics_sitenote_category":0,"footnotes":""},"class_list":["post-330","page","type-page","status-publish","hentry"],"_links":{"self":[{"href":"https:\/\/www.apordoc.org\/index.php?rest_route=\/wp\/v2\/pages\/330","targetHints":{"allow":["GET"]}}],"collection":[{"href":"https:\/\/www.apordoc.org\/index.php?rest_route=\/wp\/v2\/pages"}],"about":[{"href":"https:\/\/www.apordoc.org\/index.php?rest_route=\/wp\/v2\/types\/page"}],"author":[{"embeddable":true,"href":"https:\/\/www.apordoc.org\/index.php?rest_route=\/wp\/v2\/users\/2"}],"replies":[{"embeddable":true,"href":"https:\/\/www.apordoc.org\/index.php?rest_route=%2Fwp%2Fv2%2Fcomments&post=330"}],"version-history":[{"count":3,"href":"https:\/\/www.apordoc.org\/index.php?rest_route=\/wp\/v2\/pages\/330\/revisions"}],"predecessor-version":[{"id":837,"href":"https:\/\/www.apordoc.org\/index.php?rest_route=\/wp\/v2\/pages\/330\/revisions\/837"}],"wp:attachment":[{"href":"https:\/\/www.apordoc.org\/index.php?rest_route=%2Fwp%2Fv2%2Fmedia&parent=330"}],"curies":[{"name":"wp","href":"https:\/\/api.w.org\/{rel}","templated":true}]}}