{"id":145,"date":"2014-09-23T17:52:30","date_gmt":"2014-09-23T16:52:30","guid":{"rendered":"http:\/\/www.apordoc.org\/?page_id=145"},"modified":"2025-10-15T19:37:47","modified_gmt":"2025-10-15T19:37:47","slug":"socios-apordoc","status":"publish","type":"page","link":"https:\/\/www.apordoc.org\/?page_id=145","title":{"rendered":"S\u00f3cios Apordoc"},"content":{"rendered":"<p>Ao associar-se, beneficiar\u00e1 de:<br \/>&#8211; descontos significativos nas actividades da Associa\u00e7\u00e3o;<br \/>&#8211; acesso ao centro de documenta\u00e7\u00e3o com artigos de imprensa, publica\u00e7\u00f5es nacionais e estrangeiras e diversos cat\u00e1logos;<br \/>&#8211; not\u00edcias e informa\u00e7\u00f5es regulares na sua caixa de correio electr\u00f3nico.<\/p>\n<p><b>J\u00f3ia de Inscri\u00e7\u00e3o<\/b><br \/>S\u00f3cios Individuais e Institucionais: 25,00 \u20ac<br \/>S\u00f3cios Individuais (estudantes): 5,00 \u20ac<\/p>\n<p><b>Quotas<\/b><br \/>S\u00f3cios Individuais e Institui\u00e7\u00f5es sem fins lucrativos: 30,00\u20ac<br \/>S\u00f3cios Individuais (estudantes): 10,00\u20ac<br \/>S\u00f3cios Institucionais: 100,00\u20ac<br \/>S\u00f3cios Institucionais (estabelecimento de ensino): 250,00\u20ac<\/p>\n<p>Para se inscrever como s\u00f3cio da Apordoc dever\u00e1 preencher o seguinte <a href=\"https:\/\/forms.gle\/1R5vUxYShPLmaV7V7\">formul\u00e1rio.<\/a><\/p>\n\n\n<p><\/p>\n","protected":false},"excerpt":{"rendered":"<p>Ao associar-se, beneficiar\u00e1 de:&#8211; descontos significativos nas actividades da Associa\u00e7\u00e3o;&#8211; acesso ao centro de documenta\u00e7\u00e3o com artigos de imprensa, publica\u00e7\u00f5es nacionais e estrangeiras e diversos cat\u00e1logos;&#8211; not\u00edcias e informa\u00e7\u00f5es regulares na sua caixa de correio electr\u00f3nico. J\u00f3ia de Inscri\u00e7\u00e3oS\u00f3cios Individuais&#8230;<\/p>\n","protected":false},"author":2,"featured_media":0,"parent":0,"menu_order":0,"comment_status":"closed","ping_status":"closed","template":"","meta":{"_exactmetrics_skip_tracking":false,"_exactmetrics_sitenote_active":false,"_exactmetrics_sitenote_note":"","_exactmetrics_sitenote_category":0,"footnotes":""},"class_list":["post-145","page","type-page","status-publish","hentry"],"_links":{"self":[{"href":"https:\/\/www.apordoc.org\/index.php?rest_route=\/wp\/v2\/pages\/145","targetHints":{"allow":["GET"]}}],"collection":[{"href":"https:\/\/www.apordoc.org\/index.php?rest_route=\/wp\/v2\/pages"}],"about":[{"href":"https:\/\/www.apordoc.org\/index.php?rest_route=\/wp\/v2\/types\/page"}],"author":[{"embeddable":true,"href":"https:\/\/www.apordoc.org\/index.php?rest_route=\/wp\/v2\/users\/2"}],"replies":[{"embeddable":true,"href":"https:\/\/www.apordoc.org\/index.php?rest_route=%2Fwp%2Fv2%2Fcomments&post=145"}],"version-history":[{"count":5,"href":"https:\/\/www.apordoc.org\/index.php?rest_route=\/wp\/v2\/pages\/145\/revisions"}],"predecessor-version":[{"id":1250,"href":"https:\/\/www.apordoc.org\/index.php?rest_route=\/wp\/v2\/pages\/145\/revisions\/1250"}],"wp:attachment":[{"href":"https:\/\/www.apordoc.org\/index.php?rest_route=%2Fwp%2Fv2%2Fmedia&parent=145"}],"curies":[{"name":"wp","href":"https:\/\/api.w.org\/{rel}","templated":true}]}}